{"id":85,"date":"2024-04-26T01:05:47","date_gmt":"2024-04-26T01:05:47","guid":{"rendered":"https:\/\/andy-artz.com\/?page_id=85"},"modified":"2024-05-19T02:02:42","modified_gmt":"2024-05-19T02:02:42","slug":"graphic-novel","status":"publish","type":"page","link":"https:\/\/andy-artz.com\/?page_id=85","title":{"rendered":"Graphic Novel"},"content":{"rendered":"\n<p><br>During my semester abroad in Osaka, Japan, I undertook a personal project that explores the evolving relationship between the Sun and the Moon. This narrative delves into their gradual love story, which challenges the stability of their respective kingdoms as they risk everything to be together.<\/p>\n\n\n\n<p><br>Durante mi semestre en el extranjero en Osaka, Jap\u00f3n, realic\u00e9 un proyecto personal que explora la relaci\u00f3n en evoluci\u00f3n entre el Sol y la Luna. Esta narrativa se adentra en su gradual historia de amor, la cual desaf\u00eda la estabilidad de sus respectivos reinos al arriesgarlo todo por estar juntas.<\/p>\n\n\n\n<div class=\"wp-block-columns is-layout-flex wp-container-core-columns-is-layout-28f84493 wp-block-columns-is-layout-flex\">\n<div class=\"wp-block-column is-layout-flow wp-block-column-is-layout-flow\" style=\"flex-basis:25%\"><\/div>\n\n\n\n<div class=\"wp-block-column is-layout-flow wp-block-column-is-layout-flow\" style=\"flex-basis:50%\">\n<div class=\"alignnormal\"><div id=\"metaslider-id-90\" style=\"width: 100%; margin: 0 auto;\" class=\"ml-slider-3-80-0 metaslider metaslider-flex metaslider-90 ml-slider ms-theme-default nav-hidden\" role=\"region\" aria-roledescription=\"Slideshow\" aria-label=\"New Slideshow\">\n    <div id=\"metaslider_container_90\">\n        <div id=\"metaslider_90\">\n            <ul class='slides'>\n                <li style=\"display: block; width: 100%;\" class=\"slide-91 ms-image \" aria-roledescription=\"slide\" aria-label=\"slide-91\"><img loading=\"lazy\" decoding=\"async\" width=\"1191\" height=\"1668\" src=\"https:\/\/andy-artz.com\/wp-content\/uploads\/2024\/04\/IMG_E1008.jpg\" class=\"slider-90 slide-91\" alt=\"\" rel=\"\" title=\"Screenshot\" srcset=\"https:\/\/andy-artz.com\/wp-content\/uploads\/2024\/04\/IMG_E1008.jpg 1191w, https:\/\/andy-artz.com\/wp-content\/uploads\/2024\/04\/IMG_E1008-214x300.jpg 214w, https:\/\/andy-artz.com\/wp-content\/uploads\/2024\/04\/IMG_E1008-731x1024.jpg 731w, https:\/\/andy-artz.com\/wp-content\/uploads\/2024\/04\/IMG_E1008-768x1076.jpg 768w, https:\/\/andy-artz.com\/wp-content\/uploads\/2024\/04\/IMG_E1008-1097x1536.jpg 1097w\" sizes=\"auto, (max-width: 1191px) 100vw, 1191px\" \/><div class=\"caption-wrap\"><div class=\"caption\"><div>1\/10<\/div><\/div><\/div><\/li>\n                <li style=\"display: none; width: 100%;\" class=\"slide-92 ms-image \" aria-roledescription=\"slide\" aria-label=\"slide-92\"><img loading=\"lazy\" decoding=\"async\" width=\"998\" height=\"1398\" src=\"https:\/\/andy-artz.com\/wp-content\/uploads\/2024\/04\/IMG_E1009.jpg\" class=\"slider-90 slide-92\" alt=\"\" rel=\"\" title=\"IMG_E1009\" srcset=\"https:\/\/andy-artz.com\/wp-content\/uploads\/2024\/04\/IMG_E1009.jpg 998w, https:\/\/andy-artz.com\/wp-content\/uploads\/2024\/04\/IMG_E1009-214x300.jpg 214w, https:\/\/andy-artz.com\/wp-content\/uploads\/2024\/04\/IMG_E1009-731x1024.jpg 731w, https:\/\/andy-artz.com\/wp-content\/uploads\/2024\/04\/IMG_E1009-768x1076.jpg 768w\" sizes=\"auto, (max-width: 998px) 100vw, 998px\" \/><div class=\"caption-wrap\"><div class=\"caption\">2\/10<\/div><\/div><\/li>\n                <li style=\"display: none; width: 100%;\" class=\"slide-93 ms-image \" aria-roledescription=\"slide\" aria-label=\"slide-93\"><img loading=\"lazy\" decoding=\"async\" width=\"1023\" height=\"1433\" src=\"https:\/\/andy-artz.com\/wp-content\/uploads\/2024\/04\/IMG_E1010.jpg\" class=\"slider-90 slide-93\" alt=\"\" rel=\"\" title=\"Screenshot\" srcset=\"https:\/\/andy-artz.com\/wp-content\/uploads\/2024\/04\/IMG_E1010.jpg 1023w, https:\/\/andy-artz.com\/wp-content\/uploads\/2024\/04\/IMG_E1010-214x300.jpg 214w, https:\/\/andy-artz.com\/wp-content\/uploads\/2024\/04\/IMG_E1010-731x1024.jpg 731w, https:\/\/andy-artz.com\/wp-content\/uploads\/2024\/04\/IMG_E1010-768x1076.jpg 768w\" sizes=\"auto, (max-width: 1023px) 100vw, 1023px\" \/><div class=\"caption-wrap\"><div class=\"caption\">3\/10<\/div><\/div><\/li>\n                <li style=\"display: none; width: 100%;\" class=\"slide-94 ms-image \" aria-roledescription=\"slide\" aria-label=\"slide-94\"><img loading=\"lazy\" decoding=\"async\" width=\"1015\" height=\"1421\" src=\"https:\/\/andy-artz.com\/wp-content\/uploads\/2024\/04\/IMG_E1011.jpg\" class=\"slider-90 slide-94\" alt=\"\" rel=\"\" title=\"Screenshot\" srcset=\"https:\/\/andy-artz.com\/wp-content\/uploads\/2024\/04\/IMG_E1011.jpg 1015w, https:\/\/andy-artz.com\/wp-content\/uploads\/2024\/04\/IMG_E1011-214x300.jpg 214w, https:\/\/andy-artz.com\/wp-content\/uploads\/2024\/04\/IMG_E1011-731x1024.jpg 731w, https:\/\/andy-artz.com\/wp-content\/uploads\/2024\/04\/IMG_E1011-768x1075.jpg 768w\" sizes=\"auto, (max-width: 1015px) 100vw, 1015px\" \/><div class=\"caption-wrap\"><div class=\"caption\">4\/10<\/div><\/div><\/li>\n                <li style=\"display: none; width: 100%;\" class=\"slide-95 ms-image \" aria-roledescription=\"slide\" aria-label=\"slide-95\"><img loading=\"lazy\" decoding=\"async\" width=\"1010\" height=\"1414\" src=\"https:\/\/andy-artz.com\/wp-content\/uploads\/2024\/04\/IMG_E1012.jpg\" class=\"slider-90 slide-95\" alt=\"\" rel=\"\" title=\"Screenshot\" srcset=\"https:\/\/andy-artz.com\/wp-content\/uploads\/2024\/04\/IMG_E1012.jpg 1010w, https:\/\/andy-artz.com\/wp-content\/uploads\/2024\/04\/IMG_E1012-214x300.jpg 214w, https:\/\/andy-artz.com\/wp-content\/uploads\/2024\/04\/IMG_E1012-731x1024.jpg 731w, https:\/\/andy-artz.com\/wp-content\/uploads\/2024\/04\/IMG_E1012-768x1075.jpg 768w\" sizes=\"auto, (max-width: 1010px) 100vw, 1010px\" \/><div class=\"caption-wrap\"><div class=\"caption\">5\/10<\/div><\/div><\/li>\n                <li style=\"display: none; width: 100%;\" class=\"slide-96 ms-image \" aria-roledescription=\"slide\" aria-label=\"slide-96\"><img loading=\"lazy\" decoding=\"async\" width=\"1029\" height=\"1440\" src=\"https:\/\/andy-artz.com\/wp-content\/uploads\/2024\/04\/IMG_E1013.jpg\" class=\"slider-90 slide-96\" alt=\"\" rel=\"\" title=\"Screenshot\" srcset=\"https:\/\/andy-artz.com\/wp-content\/uploads\/2024\/04\/IMG_E1013.jpg 1029w, https:\/\/andy-artz.com\/wp-content\/uploads\/2024\/04\/IMG_E1013-214x300.jpg 214w, https:\/\/andy-artz.com\/wp-content\/uploads\/2024\/04\/IMG_E1013-732x1024.jpg 732w, https:\/\/andy-artz.com\/wp-content\/uploads\/2024\/04\/IMG_E1013-768x1075.jpg 768w\" sizes=\"auto, (max-width: 1029px) 100vw, 1029px\" \/><div class=\"caption-wrap\"><div class=\"caption\">6\/10<\/div><\/div><\/li>\n                <li style=\"display: none; width: 100%;\" class=\"slide-97 ms-image \" aria-roledescription=\"slide\" aria-label=\"slide-97\"><img loading=\"lazy\" decoding=\"async\" width=\"1021\" height=\"1429\" src=\"https:\/\/andy-artz.com\/wp-content\/uploads\/2024\/04\/IMG_E1014.jpg\" class=\"slider-90 slide-97\" alt=\"\" rel=\"\" title=\"Screenshot\" srcset=\"https:\/\/andy-artz.com\/wp-content\/uploads\/2024\/04\/IMG_E1014.jpg 1021w, https:\/\/andy-artz.com\/wp-content\/uploads\/2024\/04\/IMG_E1014-214x300.jpg 214w, https:\/\/andy-artz.com\/wp-content\/uploads\/2024\/04\/IMG_E1014-732x1024.jpg 732w, https:\/\/andy-artz.com\/wp-content\/uploads\/2024\/04\/IMG_E1014-768x1075.jpg 768w\" sizes=\"auto, (max-width: 1021px) 100vw, 1021px\" \/><div class=\"caption-wrap\"><div class=\"caption\">7\/10<\/div><\/div><\/li>\n                <li style=\"display: none; width: 100%;\" class=\"slide-98 ms-image \" aria-roledescription=\"slide\" aria-label=\"slide-98\"><img loading=\"lazy\" decoding=\"async\" width=\"986\" height=\"1380\" src=\"https:\/\/andy-artz.com\/wp-content\/uploads\/2024\/04\/IMG_E1015.jpg\" class=\"slider-90 slide-98\" alt=\"\" rel=\"\" title=\"Screenshot\" srcset=\"https:\/\/andy-artz.com\/wp-content\/uploads\/2024\/04\/IMG_E1015.jpg 986w, https:\/\/andy-artz.com\/wp-content\/uploads\/2024\/04\/IMG_E1015-214x300.jpg 214w, https:\/\/andy-artz.com\/wp-content\/uploads\/2024\/04\/IMG_E1015-732x1024.jpg 732w, https:\/\/andy-artz.com\/wp-content\/uploads\/2024\/04\/IMG_E1015-768x1075.jpg 768w\" sizes=\"auto, (max-width: 986px) 100vw, 986px\" \/><div class=\"caption-wrap\"><div class=\"caption\">8\/10<\/div><\/div><\/li>\n                <li style=\"display: none; width: 100%;\" class=\"slide-99 ms-image \" aria-roledescription=\"slide\" aria-label=\"slide-99\"><img loading=\"lazy\" decoding=\"async\" width=\"1009\" height=\"1413\" src=\"https:\/\/andy-artz.com\/wp-content\/uploads\/2024\/04\/IMG_E1016.jpg\" class=\"slider-90 slide-99\" alt=\"\" rel=\"\" title=\"IMG_E1016\" srcset=\"https:\/\/andy-artz.com\/wp-content\/uploads\/2024\/04\/IMG_E1016.jpg 1009w, https:\/\/andy-artz.com\/wp-content\/uploads\/2024\/04\/IMG_E1016-214x300.jpg 214w, https:\/\/andy-artz.com\/wp-content\/uploads\/2024\/04\/IMG_E1016-731x1024.jpg 731w, https:\/\/andy-artz.com\/wp-content\/uploads\/2024\/04\/IMG_E1016-768x1076.jpg 768w\" sizes=\"auto, (max-width: 1009px) 100vw, 1009px\" \/><div class=\"caption-wrap\"><div class=\"caption\">9\/10<\/div><\/div><\/li>\n                <li style=\"display: none; width: 100%;\" class=\"slide-100 ms-image \" aria-roledescription=\"slide\" aria-label=\"slide-100\"><img loading=\"lazy\" decoding=\"async\" width=\"1143\" height=\"1600\" src=\"https:\/\/andy-artz.com\/wp-content\/uploads\/2024\/04\/IMG_E1017.jpg\" class=\"slider-90 slide-100\" alt=\"\" rel=\"\" title=\"IMG_E1017\" srcset=\"https:\/\/andy-artz.com\/wp-content\/uploads\/2024\/04\/IMG_E1017.jpg 1143w, https:\/\/andy-artz.com\/wp-content\/uploads\/2024\/04\/IMG_E1017-214x300.jpg 214w, https:\/\/andy-artz.com\/wp-content\/uploads\/2024\/04\/IMG_E1017-732x1024.jpg 732w, https:\/\/andy-artz.com\/wp-content\/uploads\/2024\/04\/IMG_E1017-768x1075.jpg 768w, https:\/\/andy-artz.com\/wp-content\/uploads\/2024\/04\/IMG_E1017-1097x1536.jpg 1097w\" sizes=\"auto, (max-width: 1143px) 100vw, 1143px\" \/><div class=\"caption-wrap\"><div class=\"caption\">10\/10<\/div><\/div><\/li>\n            <\/ul>\n        <\/div>\n        \n    <\/div>\n<\/div><\/div>\n<\/div>\n\n\n\n<div class=\"wp-block-column is-layout-flow wp-block-column-is-layout-flow\" style=\"flex-basis:25%\"><\/div>\n<\/div>\n","protected":false},"excerpt":{"rendered":"<p>During my semester abroad in Osaka, Japan, I undertook a personal project that explores the evolving relationship between the Sun and the Moon. This narrative delves into their gradual love story, which challenges the stability of their respective kingdoms as they risk everything to be together. Durante mi semestre en el extranjero en Osaka, Jap\u00f3n, [&hellip;]<\/p>\n","protected":false},"author":1,"featured_media":0,"parent":0,"menu_order":0,"comment_status":"closed","ping_status":"closed","template":"","meta":{"footnotes":""},"class_list":["post-85","page","type-page","status-publish","hentry"],"_links":{"self":[{"href":"https:\/\/andy-artz.com\/index.php?rest_route=\/wp\/v2\/pages\/85","targetHints":{"allow":["GET"]}}],"collection":[{"href":"https:\/\/andy-artz.com\/index.php?rest_route=\/wp\/v2\/pages"}],"about":[{"href":"https:\/\/andy-artz.com\/index.php?rest_route=\/wp\/v2\/types\/page"}],"author":[{"embeddable":true,"href":"https:\/\/andy-artz.com\/index.php?rest_route=\/wp\/v2\/users\/1"}],"replies":[{"embeddable":true,"href":"https:\/\/andy-artz.com\/index.php?rest_route=%2Fwp%2Fv2%2Fcomments&post=85"}],"version-history":[{"count":4,"href":"https:\/\/andy-artz.com\/index.php?rest_route=\/wp\/v2\/pages\/85\/revisions"}],"predecessor-version":[{"id":107,"href":"https:\/\/andy-artz.com\/index.php?rest_route=\/wp\/v2\/pages\/85\/revisions\/107"}],"wp:attachment":[{"href":"https:\/\/andy-artz.com\/index.php?rest_route=%2Fwp%2Fv2%2Fmedia&parent=85"}],"curies":[{"name":"wp","href":"https:\/\/api.w.org\/{rel}","templated":true}]}}